
{"id":105,"date":"2017-02-17T05:34:37","date_gmt":"2017-02-17T05:34:37","guid":{"rendered":"https:\/\/raratheme.com\/preview\/restaurant-and-cafe\/?page_id=105"},"modified":"2025-11-21T15:10:34","modified_gmt":"2025-11-21T15:10:34","slug":"menu","status":"publish","type":"page","link":"https:\/\/intikarestaurante.com\/en\/menu\/","title":{"rendered":"Men\u00fa a la Carta"},"content":{"rendered":"<section class=\"section-1\" id=\"featured\">\n                 <div class=\"promotional-block\">\n    <div class=\"container\">\n        <header class=\"header\"><h2 class=\"main-title\">Daily menus<\/h2><p>Our cuisine is rich and varied, with dishes that stand out for their use of local ingredients such as quinoa, trout, and alpaca and lamb meats.<\/p>\n<\/header>        \n        <div class=\"row\">                    <div class=\"col\">\n                        <div class=\"img-holder\"><a href=\"https:\/\/intikarestaurante.com\/en\/2017\/02\/16\/menu-tipico\/\"><img loading=\"lazy\" width=\"230\" height=\"230\" src=\"https:\/\/intikarestaurante.com\/wp-content\/uploads\/2025\/06\/Nosotros-230x230.jpg\" class=\"attachment-restaurant-and-cafe-promotional-block size-restaurant-and-cafe-promotional-block wp-post-image\" alt=\"Men\u00fa T\u00edpico\" title=\"Typical Menu\" itemprop=\"image\" decoding=\"async\" srcset=\"https:\/\/intikarestaurante.com\/wp-content\/uploads\/2025\/06\/Nosotros-230x230.jpg 230w, https:\/\/intikarestaurante.com\/wp-content\/uploads\/2025\/06\/Nosotros-150x150.jpg 150w, https:\/\/intikarestaurante.com\/wp-content\/uploads\/2025\/06\/Nosotros-95x95.jpg 95w, https:\/\/intikarestaurante.com\/wp-content\/uploads\/2025\/06\/Nosotros-275x275.jpg 275w, https:\/\/intikarestaurante.com\/wp-content\/uploads\/2025\/06\/Nosotros-50x50.jpg 50w, https:\/\/intikarestaurante.com\/wp-content\/uploads\/2025\/06\/Nosotros-300x300.jpg 300w, https:\/\/intikarestaurante.com\/wp-content\/uploads\/2025\/06\/Nosotros-100x100.jpg 100w\" sizes=\"auto, (max-width: 230px) 100vw, 230px\"><\/a><\/div>              \n                        <div class=\"text-holder\">\n                            <h3 class=\"title\"><a href=\"https:\/\/intikarestaurante.com\/en\/2017\/02\/16\/menu-tipico\/\">Typical Menu<\/a><\/h3>\n                            <p>Nuestros Visitantes podr\u00e1n disfrutar de un Men\u00fa T\u00edpico de la Isla Taquile en Puno elaborado con ingredientes naturales y nativos\u2026 El Men\u00fa T\u00edpico Incluye:. \u2013 Su entrada\u2013 Tajti o panesillos \u2026 <\/p>\n                        <\/div>\n                    <\/div> \n                                    <div class=\"col\">\n                        <div class=\"img-holder\"><a href=\"https:\/\/intikarestaurante.com\/en\/2017\/02\/16\/almuerzo-buffet\/\"><img loading=\"lazy\" width=\"230\" height=\"230\" src=\"https:\/\/intikarestaurante.com\/wp-content\/uploads\/2025\/06\/Testimonios-2-230x230.jpg\" class=\"attachment-restaurant-and-cafe-promotional-block size-restaurant-and-cafe-promotional-block wp-post-image\" alt=\"Almuerzo Buffet\" title=\"Buffet Lunch\" itemprop=\"image\" decoding=\"async\" srcset=\"https:\/\/intikarestaurante.com\/wp-content\/uploads\/2025\/06\/Testimonios-2-230x230.jpg 230w, https:\/\/intikarestaurante.com\/wp-content\/uploads\/2025\/06\/Testimonios-2-150x150.jpg 150w, https:\/\/intikarestaurante.com\/wp-content\/uploads\/2025\/06\/Testimonios-2-95x95.jpg 95w, https:\/\/intikarestaurante.com\/wp-content\/uploads\/2025\/06\/Testimonios-2-275x275.jpg 275w, https:\/\/intikarestaurante.com\/wp-content\/uploads\/2025\/06\/Testimonios-2-50x50.jpg 50w, https:\/\/intikarestaurante.com\/wp-content\/uploads\/2025\/06\/Testimonios-2-300x300.jpg 300w, https:\/\/intikarestaurante.com\/wp-content\/uploads\/2025\/06\/Testimonios-2-100x100.jpg 100w\" sizes=\"auto, (max-width: 230px) 100vw, 230px\"><\/a><\/div>              \n                        <div class=\"text-holder\">\n                            <h3 class=\"title\"><a href=\"https:\/\/intikarestaurante.com\/en\/2017\/02\/16\/almuerzo-buffet\/\">Buffet Lunch<\/a><\/h3>\n                            <p>Ofrecemos a Nuestros Visitantes la posibilidad de disfrutar de un Almuerzo Buffet en la Isla Taquile en Puno elaborado con ingredientes naturales y nativos\u2026 El Almuerzo Buffet Incluye:<\/p>\n                        <\/div>\n                    <\/div> \n                                    <div class=\"col\">\n                        <div class=\"img-holder\"><a href=\"https:\/\/intikarestaurante.com\/en\/2017\/02\/16\/almuerzo-a-pachamanca\/\"><img loading=\"lazy\" width=\"230\" height=\"230\" src=\"https:\/\/intikarestaurante.com\/wp-content\/uploads\/2017\/02\/Pachamanca-230x230.jpg\" class=\"attachment-restaurant-and-cafe-promotional-block size-restaurant-and-cafe-promotional-block wp-post-image\" alt=\"Almuerzo a Pachamanca\" title=\"Pachamanca Lunch\" itemprop=\"image\" decoding=\"async\" srcset=\"https:\/\/intikarestaurante.com\/wp-content\/uploads\/2017\/02\/Pachamanca-230x230.jpg 230w, https:\/\/intikarestaurante.com\/wp-content\/uploads\/2017\/02\/Pachamanca-150x150.jpg 150w, https:\/\/intikarestaurante.com\/wp-content\/uploads\/2017\/02\/Pachamanca-95x95.jpg 95w, https:\/\/intikarestaurante.com\/wp-content\/uploads\/2017\/02\/Pachamanca-275x275.jpg 275w, https:\/\/intikarestaurante.com\/wp-content\/uploads\/2017\/02\/Pachamanca-50x50.jpg 50w, https:\/\/intikarestaurante.com\/wp-content\/uploads\/2017\/02\/Pachamanca-300x300.jpg 300w, https:\/\/intikarestaurante.com\/wp-content\/uploads\/2017\/02\/Pachamanca-100x100.jpg 100w\" sizes=\"auto, (max-width: 230px) 100vw, 230px\"><\/a><\/div>              \n                        <div class=\"text-holder\">\n                            <h3 class=\"title\"><a href=\"https:\/\/intikarestaurante.com\/en\/2017\/02\/16\/almuerzo-a-pachamanca\/\">Pachamanca Lunch<\/a><\/h3>\n                            <p>Now our visitors can enjoy lunch at Pachamanca on Taquile Island in Puno, prepared with natural and native ingredients\u2026 The Pachamanca lunch includes:<\/p>\n                        <\/div>\n                    <\/div> \n                <\/div>            \n        <\/div>\n<\/div>            <\/section>","protected":false},"excerpt":{"rendered":"<p>Men\u00fas del d\u00eda Nuestra gastronom\u00eda es rica y variada, con platos que destacan por el uso de ingredientes locales como la quinua, la trucha y carnes de alpaca y cordero. Men\u00fa T\u00edpico Nuestros Visitantes podr\u00e1n disfrutar de un Men\u00fa T\u00edpico de la Isla Taquile en &hellip; <\/p>","protected":false},"author":1,"featured_media":0,"parent":0,"menu_order":0,"comment_status":"closed","ping_status":"closed","template":"","meta":{"footnotes":""},"class_list":["post-105","page","type-page","status-publish","hentry"],"_links":{"self":[{"href":"https:\/\/intikarestaurante.com\/en\/wp-json\/wp\/v2\/pages\/105","targetHints":{"allow":["GET"]}}],"collection":[{"href":"https:\/\/intikarestaurante.com\/en\/wp-json\/wp\/v2\/pages"}],"about":[{"href":"https:\/\/intikarestaurante.com\/en\/wp-json\/wp\/v2\/types\/page"}],"author":[{"embeddable":true,"href":"https:\/\/intikarestaurante.com\/en\/wp-json\/wp\/v2\/users\/1"}],"replies":[{"embeddable":true,"href":"https:\/\/intikarestaurante.com\/en\/wp-json\/wp\/v2\/comments?post=105"}],"version-history":[{"count":6,"href":"https:\/\/intikarestaurante.com\/en\/wp-json\/wp\/v2\/pages\/105\/revisions"}],"predecessor-version":[{"id":381,"href":"https:\/\/intikarestaurante.com\/en\/wp-json\/wp\/v2\/pages\/105\/revisions\/381"}],"wp:attachment":[{"href":"https:\/\/intikarestaurante.com\/en\/wp-json\/wp\/v2\/media?parent=105"}],"curies":[{"name":"wp","href":"https:\/\/api.w.org\/{rel}","templated":true}]}}